{"id":4407,"date":"2022-02-14T10:12:52","date_gmt":"2022-02-14T10:12:52","guid":{"rendered":"https:\/\/smoothies.love\/?page_id=4407"},"modified":"2022-02-14T10:12:52","modified_gmt":"2022-02-14T10:12:52","slug":"contact","status":"publish","type":"page","link":"https:\/\/smoothies.love\/sv\/kontakta\/","title":{"rendered":"Kontakta"},"content":{"rendered":"<form action=\"https:\/\/smoothies.love\/sv\/kontakta\/\" method=\"post\" data-fields-with-error=\"Found errors in the following field(s):\" class=\"avia_ajax_form av-form-labels-visible   avia-builder-el-0  avia-builder-el-no-sibling\" data-avia-form-id=\"1\" data-avia-redirect='' data-trp-original-action=\"https:\/\/smoothies.love\/sv\/kontakta\/\" ><h3 class=''>Skicka e-post till oss<\/h3><fieldset><p class='first_form  form_element form_fullwidth' id='element_avia_1_1'><label for=\"avia_1_1\">Namn <abbr class=\"required\" title=\"kr\u00e4vs\">*<\/abbr><\/label> <input name=\"avia_1_1\" class=\"text_input is_empty\" type=\"text\" id=\"avia_1_1\" value=\"\" \/><\/p><p class='first_form  form_element form_fullwidth' id='element_avia_2_1'><label for=\"avia_2_1\">E-post <abbr class=\"required\" title=\"kr\u00e4vs\">*<\/abbr><\/label> <input name=\"avia_2_1\" class=\"text_input is_email\" type=\"text\" id=\"avia_2_1\" value=\"\" \/><\/p><p class='first_form  form_element form_fullwidth' id='element_avia_3_1'><label for=\"avia_3_1\">\u00c4mne <abbr class=\"required\" title=\"kr\u00e4vs\">*<\/abbr><\/label> <input name=\"avia_3_1\" class=\"text_input is_empty\" type=\"text\" id=\"avia_3_1\" value=\"\" \/><\/p><p class='first_form  form_element form_fullwidth' id='element_avia_4_1'><label for=\"avia_4_1\" class=\"textare_label hidden textare_label_avia_4_1\">Meddelande <abbr class=\"required\" title=\"kr\u00e4vs\">*<\/abbr><\/label><textarea  name=\"avia_4_1\" class=\"text_area is_empty\" cols=\"40\" rows=\"7\" id=\"avia_4_1\" ><\/textarea><\/p><p class=\"hidden\"><input type=\"text\" name=\"avia_5_1\" class=\"hidden\" id=\"avia_5_1\" value=\"\" \/><\/p><div id='avia_6_1' class='av-recaptcha-area  first_form  form_element form_fullwidth'  data-container_class=\"\" data-custom_class=\"\" data-context=\"av_contact_form\" data-token_input=\"av_recaptcha_token\" data-version=\"avia_recaptcha_v2\" data-theme=\"light\" data-size=\"normal\" data-score=\"0.5\" data-text_to_preview=\"\" data-value=\"\"><div class=\"av-google-badge-message hidden\">Den h\u00e4r webbplatsen skyddas av reCAPTCHA och Google <a href=\"https:\/\/policies.google.com\/privacy\" target=\"_blank\" rel=\"noopener\">Integritetspolicy<\/a> och <a href=\"https:\/\/policies.google.com\/terms\" target=\"_blank\" rel=\"noopener\">Villkor f\u00f6r tj\u00e4nsten<\/a> till\u00e4mpa.<\/div><\/div><p class=\"form_element\"><input type=\"hidden\" value=\"1\" name=\"avia_generated_form1\" \/><input type=\"submit\" value=\"Skicka in\" class=\"button\"  data-sending-label=\"Sending\"\/><\/p><\/fieldset><div class=\"avia-disabled-form\">Det h\u00e4r kontaktformul\u00e4ret \u00e4r inaktiverat eftersom du v\u00e4grade att acceptera Googles reCaptcha-tj\u00e4nst, som \u00e4r n\u00f6dv\u00e4ndig f\u00f6r att validera meddelanden som skickas via formul\u00e4ret.<\/div><input type=\"hidden\" name=\"trp-form-language\" value=\"sv\"\/><\/form><div id=\"ajaxresponse_1\" class=\"ajaxresponse ajaxresponse_1 hidden\"><\/div>","protected":false},"excerpt":{"rendered":"","protected":false},"author":1,"featured_media":0,"parent":0,"menu_order":0,"comment_status":"closed","ping_status":"closed","template":"","meta":{"footnotes":""},"class_list":["post-4407","page","type-page","status-publish","hentry"],"_links":{"self":[{"href":"https:\/\/smoothies.love\/sv\/wp-json\/wp\/v2\/pages\/4407","targetHints":{"allow":["GET"]}}],"collection":[{"href":"https:\/\/smoothies.love\/sv\/wp-json\/wp\/v2\/pages"}],"about":[{"href":"https:\/\/smoothies.love\/sv\/wp-json\/wp\/v2\/types\/page"}],"author":[{"embeddable":true,"href":"https:\/\/smoothies.love\/sv\/wp-json\/wp\/v2\/users\/1"}],"replies":[{"embeddable":true,"href":"https:\/\/smoothies.love\/sv\/wp-json\/wp\/v2\/comments?post=4407"}],"version-history":[{"count":3,"href":"https:\/\/smoothies.love\/sv\/wp-json\/wp\/v2\/pages\/4407\/revisions"}],"predecessor-version":[{"id":4410,"href":"https:\/\/smoothies.love\/sv\/wp-json\/wp\/v2\/pages\/4407\/revisions\/4410"}],"wp:attachment":[{"href":"https:\/\/smoothies.love\/sv\/wp-json\/wp\/v2\/media?parent=4407"}],"curies":[{"name":"wp","href":"https:\/\/api.w.org\/{rel}","templated":true}]}}